{"id":267,"date":"2023-08-16T11:30:52","date_gmt":"2023-08-16T09:30:52","guid":{"rendered":"http:\/\/antoinedete.art\/?page_id=267"},"modified":"2026-01-27T10:42:26","modified_gmt":"2026-01-27T09:42:26","slug":"ecouter-listen","status":"publish","type":"page","link":"https:\/\/antoinedete.art\/index.php\/ecouter-listen\/","title":{"rendered":"\u00c9COUTE"},"content":{"rendered":"\n<div class=\"wp-block-cover is-light has-parallax is-repeated has-custom-content-position is-position-center-left has-medium-font-size wp-duotone-unset-1\" style=\"font-style:normal;font-weight:100;min-height:262px;aspect-ratio:unset;\"><div class=\"wp-block-cover__image-background wp-image-394 has-parallax is-repeated\" style=\"background-position:53% 59%;background-image:url(https:\/\/antoinedete.art\/wp-content\/uploads\/2025\/02\/Playlist-1.jpg)\"><\/div><span aria-hidden=\"true\" class=\"wp-block-cover__background has-background-dim-0 has-background-dim\" style=\"background-color:#979797\"><\/span><div class=\"wp-block-cover__inner-container is-layout-flow wp-block-cover-is-layout-flow\">\n<div class=\"wp-block-group is-layout-grid wp-container-core-group-is-layout-9649a0d9 wp-block-group-is-layout-grid\">\n<div class=\"wp-block-buttons is-layout-flex wp-container-core-buttons-is-layout-a74382ec wp-block-buttons-is-layout-flex\">\n<div class=\"wp-block-button has-custom-width wp-block-button__width-100 is-style-fill\"><a class=\"wp-block-button__link has-black-background-color has-background has-small-font-size has-text-align-left has-custom-font-size wp-element-button\" href=\"https:\/\/share.bridge.audio\/antoine-dete\/antoine-dete--playlist-v3a-cinema--theatre?id=7b9e5310-adc6-4f7c-b8d8-c278209999e1\" style=\"border-radius:4px\" target=\"_blank\" rel=\"noreferrer noopener\"><strong>&#8220;Playlist 1&#8221;    <\/strong><img loading=\"lazy\" decoding=\"async\" width=\"45\" height=\"45\" class=\"wp-image-396\" style=\"width: 45px;\" src=\"http:\/\/antoinedete.art\/wp-content\/uploads\/2025\/02\/pngtree-play-button-click-chalk-icon-interface-linear-audio-vector-png-image_41862324.jpg\" alt=\"\" srcset=\"https:\/\/antoinedete.art\/wp-content\/uploads\/2025\/02\/pngtree-play-button-click-chalk-icon-interface-linear-audio-vector-png-image_41862324.jpg 640w, https:\/\/antoinedete.art\/wp-content\/uploads\/2025\/02\/pngtree-play-button-click-chalk-icon-interface-linear-audio-vector-png-image_41862324-300x300.jpg 300w, https:\/\/antoinedete.art\/wp-content\/uploads\/2025\/02\/pngtree-play-button-click-chalk-icon-interface-linear-audio-vector-png-image_41862324-150x150.jpg 150w\" sizes=\"auto, (max-width: 45px) 100vw, 45px\" \/><br>Mood : fantastique, myst\u00e9rieux, suspens, thriller, ambient, sombre, aventure&#8230;<\/a><\/div>\n<\/div>\n\n\n\n<div class=\"wp-block-buttons is-layout-flex wp-block-buttons-is-layout-flex\">\n<div class=\"wp-block-button\"><a class=\"wp-block-button__link has-black-background-color has-background has-small-font-size has-text-align-left has-custom-font-size wp-element-button\" href=\"https:\/\/share.bridge.audio\/antoine-dete\/antoine-dete--playlist-v3b-cinema--theatre?id=631cd580-c481-47e9-8e79-693a9a362ae5\" style=\"border-radius:4px\" target=\"_blank\" rel=\"noreferrer noopener\"><strong>&#8220;Playlist 2&#8221;<\/strong> <img loading=\"lazy\" decoding=\"async\" width=\"45\" height=\"45\" class=\"wp-image-396\" style=\"width: 45px;\" src=\"http:\/\/antoinedete.art\/wp-content\/uploads\/2025\/02\/pngtree-play-button-click-chalk-icon-interface-linear-audio-vector-png-image_41862324.jpg\" alt=\"\" srcset=\"https:\/\/antoinedete.art\/wp-content\/uploads\/2025\/02\/pngtree-play-button-click-chalk-icon-interface-linear-audio-vector-png-image_41862324.jpg 640w, https:\/\/antoinedete.art\/wp-content\/uploads\/2025\/02\/pngtree-play-button-click-chalk-icon-interface-linear-audio-vector-png-image_41862324-300x300.jpg 300w, https:\/\/antoinedete.art\/wp-content\/uploads\/2025\/02\/pngtree-play-button-click-chalk-icon-interface-linear-audio-vector-png-image_41862324-150x150.jpg 150w\" sizes=\"auto, (max-width: 45px) 100vw, 45px\" \/><br>Mood : M\u00e9lancolie, calme, \u00e9l\u00e9gant, drame, romance, historique, cin\u00e9matique, \u00e9th\u00e9r\u00e9, &#8220;dreamy&#8221;&#8230;<\/a><\/div>\n<\/div>\n\n\n\n<div class=\"wp-block-buttons is-layout-flex wp-block-buttons-is-layout-flex\">\n<div class=\"wp-block-button\"><a class=\"wp-block-button__link has-black-background-color has-background has-small-font-size has-text-align-left has-custom-font-size wp-element-button\" href=\"https:\/\/share.bridge.audio\/antoine-dete\/antoine-dete--playlist-v3c-cinema--theatre?id=a2f92433-b97d-4a9c-9f3c-3cf3548a2aa2\" style=\"border-radius:4px\" target=\"_blank\" rel=\"noreferrer noopener\"><strong>&#8220;Playlist 3&#8221;<\/strong> <img loading=\"lazy\" decoding=\"async\" width=\"45\" height=\"45\" class=\"wp-image-396\" style=\"width: 45px;\" src=\"http:\/\/antoinedete.art\/wp-content\/uploads\/2025\/02\/pngtree-play-button-click-chalk-icon-interface-linear-audio-vector-png-image_41862324.jpg\" alt=\"\" srcset=\"https:\/\/antoinedete.art\/wp-content\/uploads\/2025\/02\/pngtree-play-button-click-chalk-icon-interface-linear-audio-vector-png-image_41862324.jpg 640w, https:\/\/antoinedete.art\/wp-content\/uploads\/2025\/02\/pngtree-play-button-click-chalk-icon-interface-linear-audio-vector-png-image_41862324-300x300.jpg 300w, https:\/\/antoinedete.art\/wp-content\/uploads\/2025\/02\/pngtree-play-button-click-chalk-icon-interface-linear-audio-vector-png-image_41862324-150x150.jpg 150w\" sizes=\"auto, (max-width: 45px) 100vw, 45px\" \/><br>Mood : Happy, lounge, dancing, energetic, cheerful, hopeful&#8230;<\/a><\/div>\n<\/div>\n<\/div>\n\n\n\n<hr class=\"wp-block-separator aligncenter has-alpha-channel-opacity is-style-dots\"\/>\n\n\n\n<pre class=\"wp-block-preformatted has-black-color has-white-background-color has-text-color has-background has-link-color has-small-font-size wp-elements-d2d9a2bd347151c5710a829a66c95fbf\"><strong>Toutes les playlists contiennent des musiques que j'ai compos\u00e9es pour le cin\u00e9ma ou le th\u00e9\u00e2tre<\/strong>.<\/pre>\n<\/div><\/div>\n\n\n\n<div class=\"wp-block-columns is-layout-flex wp-container-core-columns-is-layout-9d6595d7 wp-block-columns-is-layout-flex\">\n<div class=\"wp-block-column is-layout-flow wp-block-column-is-layout-flow\" style=\"flex-basis:33.33%\">\n<figure class=\"wp-block-gallery has-nested-images columns-2 wp-block-gallery-2 is-layout-flex wp-block-gallery-is-layout-flex\">\n<figure class=\"wp-block-image size-large\"><a href=\"https:\/\/share.bridge.audio\/antoine-dete\/electroludes?id=7039db4f-acc2-4fbb-b351-a540e10d7f9a\" target=\"_blank\" rel=\"noreferrer noopener\"><img loading=\"lazy\" decoding=\"async\" width=\"1024\" height=\"1024\" data-id=\"280\" src=\"https:\/\/antoinedete.art\/wp-content\/uploads\/2023\/08\/Abstract-Electro-Etienne-1OK-1024x1024.jpg\" alt=\"\" class=\"wp-image-280\" srcset=\"https:\/\/antoinedete.art\/wp-content\/uploads\/2023\/08\/Abstract-Electro-Etienne-1OK-1024x1024.jpg 1024w, https:\/\/antoinedete.art\/wp-content\/uploads\/2023\/08\/Abstract-Electro-Etienne-1OK-300x300.jpg 300w, https:\/\/antoinedete.art\/wp-content\/uploads\/2023\/08\/Abstract-Electro-Etienne-1OK-150x150.jpg 150w, https:\/\/antoinedete.art\/wp-content\/uploads\/2023\/08\/Abstract-Electro-Etienne-1OK-768x768.jpg 768w, https:\/\/antoinedete.art\/wp-content\/uploads\/2023\/08\/Abstract-Electro-Etienne-1OK-1536x1536.jpg 1536w, https:\/\/antoinedete.art\/wp-content\/uploads\/2023\/08\/Abstract-Electro-Etienne-1OK-2048x2048.jpg 2048w, https:\/\/antoinedete.art\/wp-content\/uploads\/2023\/08\/Abstract-Electro-Etienne-1OK-850x850.jpg 850w\" sizes=\"auto, (max-width: 1024px) 100vw, 1024px\" \/><\/a><\/figure>\n\n\n\n<figure class=\"wp-block-image size-large is-style-default\"><a href=\"https:\/\/share.bridge.audio\/antoine-dete\/electroludes?id=7039db4f-acc2-4fbb-b351-a540e10d7f9a\" target=\"_blank\" rel=\"noreferrer noopener\"><img loading=\"lazy\" decoding=\"async\" width=\"1024\" height=\"1024\" data-id=\"281\" src=\"https:\/\/antoinedete.art\/wp-content\/uploads\/2023\/08\/Abstract-Electro2-OK--1024x1024.jpg\" alt=\"\" class=\"wp-image-281\" srcset=\"https:\/\/antoinedete.art\/wp-content\/uploads\/2023\/08\/Abstract-Electro2-OK--1024x1024.jpg 1024w, https:\/\/antoinedete.art\/wp-content\/uploads\/2023\/08\/Abstract-Electro2-OK--300x300.jpg 300w, https:\/\/antoinedete.art\/wp-content\/uploads\/2023\/08\/Abstract-Electro2-OK--150x150.jpg 150w, https:\/\/antoinedete.art\/wp-content\/uploads\/2023\/08\/Abstract-Electro2-OK--768x768.jpg 768w, https:\/\/antoinedete.art\/wp-content\/uploads\/2023\/08\/Abstract-Electro2-OK--1536x1536.jpg 1536w, https:\/\/antoinedete.art\/wp-content\/uploads\/2023\/08\/Abstract-Electro2-OK--2048x2048.jpg 2048w, https:\/\/antoinedete.art\/wp-content\/uploads\/2023\/08\/Abstract-Electro2-OK--850x850.jpg 850w\" sizes=\"auto, (max-width: 1024px) 100vw, 1024px\" \/><\/a><\/figure>\n<\/figure>\n<\/div>\n\n\n\n<div class=\"wp-block-column is-layout-flow wp-block-column-is-layout-flow\" style=\"flex-basis:33.33%\">\n<figure class=\"wp-block-gallery has-nested-images columns-2 wp-block-gallery-3 is-layout-flex wp-block-gallery-is-layout-flex\">\n<figure class=\"wp-block-image size-large\"><a href=\"https:\/\/share.bridge.audio\/antoine-dete\/feuillets-dalbum?id=7fecc5b4-a680-41b4-86a7-f2868958d778\" target=\"_blank\" rel=\"noreferrer noopener\"><img loading=\"lazy\" decoding=\"async\" width=\"1024\" height=\"1024\" data-id=\"259\" src=\"https:\/\/antoinedete.art\/wp-content\/uploads\/2023\/08\/Feuillets-Dalbum-2-2-1024x1024.jpg\" alt=\"\" class=\"wp-image-259\" srcset=\"https:\/\/antoinedete.art\/wp-content\/uploads\/2023\/08\/Feuillets-Dalbum-2-2-1024x1024.jpg 1024w, https:\/\/antoinedete.art\/wp-content\/uploads\/2023\/08\/Feuillets-Dalbum-2-2-300x300.jpg 300w, https:\/\/antoinedete.art\/wp-content\/uploads\/2023\/08\/Feuillets-Dalbum-2-2-150x150.jpg 150w, https:\/\/antoinedete.art\/wp-content\/uploads\/2023\/08\/Feuillets-Dalbum-2-2-768x768.jpg 768w, https:\/\/antoinedete.art\/wp-content\/uploads\/2023\/08\/Feuillets-Dalbum-2-2-1536x1536.jpg 1536w, https:\/\/antoinedete.art\/wp-content\/uploads\/2023\/08\/Feuillets-Dalbum-2-2-2048x2048.jpg 2048w, https:\/\/antoinedete.art\/wp-content\/uploads\/2023\/08\/Feuillets-Dalbum-2-2-850x850.jpg 850w\" sizes=\"auto, (max-width: 1024px) 100vw, 1024px\" \/><\/a><\/figure>\n\n\n\n<figure class=\"wp-block-image size-large\"><img loading=\"lazy\" decoding=\"async\" width=\"1024\" height=\"1024\" data-id=\"260\" src=\"https:\/\/antoinedete.art\/wp-content\/uploads\/2023\/08\/Feuillets-Dalbum-2-3-1024x1024.jpg\" alt=\"\" class=\"wp-image-260\" srcset=\"https:\/\/antoinedete.art\/wp-content\/uploads\/2023\/08\/Feuillets-Dalbum-2-3-1024x1024.jpg 1024w, https:\/\/antoinedete.art\/wp-content\/uploads\/2023\/08\/Feuillets-Dalbum-2-3-300x300.jpg 300w, https:\/\/antoinedete.art\/wp-content\/uploads\/2023\/08\/Feuillets-Dalbum-2-3-150x150.jpg 150w, https:\/\/antoinedete.art\/wp-content\/uploads\/2023\/08\/Feuillets-Dalbum-2-3-768x768.jpg 768w, https:\/\/antoinedete.art\/wp-content\/uploads\/2023\/08\/Feuillets-Dalbum-2-3-1536x1536.jpg 1536w, https:\/\/antoinedete.art\/wp-content\/uploads\/2023\/08\/Feuillets-Dalbum-2-3-2048x2048.jpg 2048w, https:\/\/antoinedete.art\/wp-content\/uploads\/2023\/08\/Feuillets-Dalbum-2-3-850x850.jpg 850w\" sizes=\"auto, (max-width: 1024px) 100vw, 1024px\" \/><\/figure>\n<\/figure>\n<\/div>\n\n\n\n<div class=\"wp-block-column is-layout-flow wp-block-column-is-layout-flow\" style=\"flex-basis:33.33%\">\n<figure class=\"wp-block-gallery has-nested-images columns-2 is-cropped wp-block-gallery-4 is-layout-flex wp-block-gallery-is-layout-flex\">\n<figure class=\"wp-block-image size-large\"><a href=\"https:\/\/share.bridge.audio\/antoine-dete\/guitar-loops--1?id=803a1a4b-469c-429a-bbea-a34c455b59aa\" target=\"_blank\" rel=\"noreferrer noopener\"><img loading=\"lazy\" decoding=\"async\" width=\"1024\" height=\"1024\" data-id=\"263\" src=\"https:\/\/antoinedete.art\/wp-content\/uploads\/2023\/08\/Guitar-Loops-a-3-1024x1024.jpg\" alt=\"\" class=\"wp-image-263\" srcset=\"https:\/\/antoinedete.art\/wp-content\/uploads\/2023\/08\/Guitar-Loops-a-3-1024x1024.jpg 1024w, https:\/\/antoinedete.art\/wp-content\/uploads\/2023\/08\/Guitar-Loops-a-3-300x300.jpg 300w, https:\/\/antoinedete.art\/wp-content\/uploads\/2023\/08\/Guitar-Loops-a-3-150x150.jpg 150w, https:\/\/antoinedete.art\/wp-content\/uploads\/2023\/08\/Guitar-Loops-a-3-768x768.jpg 768w, https:\/\/antoinedete.art\/wp-content\/uploads\/2023\/08\/Guitar-Loops-a-3-1536x1536.jpg 1536w, https:\/\/antoinedete.art\/wp-content\/uploads\/2023\/08\/Guitar-Loops-a-3-2048x2048.jpg 2048w, https:\/\/antoinedete.art\/wp-content\/uploads\/2023\/08\/Guitar-Loops-a-3-850x850.jpg 850w\" sizes=\"auto, (max-width: 1024px) 100vw, 1024px\" \/><\/a><\/figure>\n\n\n\n<figure class=\"wp-block-image size-large\"><a href=\"https:\/\/share.bridge.audio\/antoine-dete\/guitar-loops--1?id=803a1a4b-469c-429a-bbea-a34c455b59aa\" target=\"_blank\" rel=\"noreferrer noopener\"><img loading=\"lazy\" decoding=\"async\" width=\"1024\" height=\"1024\" data-id=\"264\" src=\"https:\/\/antoinedete.art\/wp-content\/uploads\/2023\/08\/Guitar-Loops-d-1024x1024.jpg\" alt=\"\" class=\"wp-image-264\" srcset=\"https:\/\/antoinedete.art\/wp-content\/uploads\/2023\/08\/Guitar-Loops-d-1024x1024.jpg 1024w, https:\/\/antoinedete.art\/wp-content\/uploads\/2023\/08\/Guitar-Loops-d-300x300.jpg 300w, https:\/\/antoinedete.art\/wp-content\/uploads\/2023\/08\/Guitar-Loops-d-150x150.jpg 150w, https:\/\/antoinedete.art\/wp-content\/uploads\/2023\/08\/Guitar-Loops-d-768x768.jpg 768w, https:\/\/antoinedete.art\/wp-content\/uploads\/2023\/08\/Guitar-Loops-d-1536x1536.jpg 1536w, https:\/\/antoinedete.art\/wp-content\/uploads\/2023\/08\/Guitar-Loops-d-2048x2048.jpg 2048w, https:\/\/antoinedete.art\/wp-content\/uploads\/2023\/08\/Guitar-Loops-d-850x850.jpg 850w\" sizes=\"auto, (max-width: 1024px) 100vw, 1024px\" \/><\/a><\/figure>\n<\/figure>\n<\/div>\n<\/div>\n\n\n\n<pre class=\"wp-block-preformatted has-background has-small-font-size\" style=\"background-color:#ffffff00\">Ci-dessus des liens vers des musiques instrumentales qui n'ont pas \u00e9t\u00e9 compos\u00e9es pour le cin\u00e9ma ou le th\u00e9\u00e2tre... (click to listen!) <br>- Electroludes : musiques purement \u00e9lectroniques (les 2 premiers)...<br>- Feuillets d'albums : musiques de \"chambre\" (piano, cordes, etc..), assez pos\u00e9 et calme...<br>- Guitar Loops : musiques avec principalement de la guitare \u00e9lectrique comme base de la musique...<\/pre>\n\n\n\n<p><\/p>\n","protected":false},"excerpt":{"rendered":"<p>Ci-dessus des liens vers des musiques instrumentales qui n&#8217;ont pas \u00e9t\u00e9 compos\u00e9es pour le cin\u00e9ma ou le th\u00e9\u00e2tre&#8230; (click to listen!) &#8211; Electroludes : musiques purement \u00e9lectroniques (les 2 premiers)&#8230;- Feuillets d&#8217;albums : musiques de &#8220;chambre&#8221; (piano, cordes, etc..), assez pos\u00e9 et calme&#8230;- Guitar Loops : musiques avec principalement de la guitare \u00e9lectrique comme base&#8230;<\/p>\n","protected":false},"author":1,"featured_media":0,"parent":0,"menu_order":0,"comment_status":"closed","ping_status":"closed","template":"","meta":{"footnotes":""},"class_list":["post-267","page","type-page","status-publish","hentry"],"_links":{"self":[{"href":"https:\/\/antoinedete.art\/index.php\/wp-json\/wp\/v2\/pages\/267","targetHints":{"allow":["GET"]}}],"collection":[{"href":"https:\/\/antoinedete.art\/index.php\/wp-json\/wp\/v2\/pages"}],"about":[{"href":"https:\/\/antoinedete.art\/index.php\/wp-json\/wp\/v2\/types\/page"}],"author":[{"embeddable":true,"href":"https:\/\/antoinedete.art\/index.php\/wp-json\/wp\/v2\/users\/1"}],"replies":[{"embeddable":true,"href":"https:\/\/antoinedete.art\/index.php\/wp-json\/wp\/v2\/comments?post=267"}],"version-history":[{"count":53,"href":"https:\/\/antoinedete.art\/index.php\/wp-json\/wp\/v2\/pages\/267\/revisions"}],"predecessor-version":[{"id":456,"href":"https:\/\/antoinedete.art\/index.php\/wp-json\/wp\/v2\/pages\/267\/revisions\/456"}],"wp:attachment":[{"href":"https:\/\/antoinedete.art\/index.php\/wp-json\/wp\/v2\/media?parent=267"}],"curies":[{"name":"wp","href":"https:\/\/api.w.org\/{rel}","templated":true}]}}